{"id":392,"date":"2019-05-02T22:22:40","date_gmt":"2019-05-02T20:22:40","guid":{"rendered":"https:\/\/dachshund-records.com\/?post_type=product&#038;p=392"},"modified":"2022-05-12T16:24:12","modified_gmt":"2022-05-12T14:24:12","slug":"troy-petty-directors-cut-cd","status":"publish","type":"product","link":"https:\/\/dachshund-records.com\/en\/product\/troy-petty-directors-cut-cd\/","title":{"rendered":"Troy Petty &#8211; Director&#8217;s Cut &#8211; CD"},"content":{"rendered":"<p>Troy Pettys neuestes Album \u201eDirector\u2019s Cut\u201c\u00a0 ist emotional und dynamisch. Seine Wortwahl sacht und dominierend zugleich. Das Album bewegt sich zwischen Indie und Alternative, zwischen akustischem und experimentellem Pop. Und vor allem ist es pers\u00f6nlich. Denn der US-amerikanische Singer und Songwriter verarbeitet Erfahrungen und Erlebnisse in seinen Songs. Er singt von den beiden Extremen menschlicher Emotionen: Melancholie und Freude. \u201eEs geht um unseren inneren Kampf und Konflikt mit dem eigenen Ego, Sehnsucht, Reue, Verlust und Heilung\u201c, sagt Petty. \u201eDer ,Cut\u2018, also der Einschnitt, erfolgt, wenn der ,director\u2018, also man selbst, seine falschen Handlungen erkennt. Nur so kann man Demut lernen und sein eigenes Potenzial erkennen. Nur so wird man wieder handlungsf\u00e4hig.\u201c<\/p>\n<p>Petty kombiniert verschiedene Genres: Rock, Alternative, Indie Experimental und Pop. In \u201eDirector\u2019s Cut\u201c kombiniert er zwei Pole seines Selbst: Musikalisch geht er zur\u00fcck zu seinen Wurzeln im Bereich Rock. Pers\u00f6nlich markiert das Album f\u00fcr ihn einen Neuanfang: Im M\u00e4rz ist Petty aus dem US-amerikanischen Columbus nach Deutschland, in die N\u00e4he von Bremen gezogen. \u00a0Nun startet er mit \u201eDirector\u2019s Cut\u201c richtig durch. Als Produzenten hat er f\u00fcr dieses besondere Album keinen Geringeren als Wilco-Gr\u00fcndungsmitglied Ken Coomer gewonnen. Der dreimal f\u00fcr den Grammy nominierte Schlagzeuger begleitet Troy Petty am Schlagzeug.<\/p>","protected":false},"excerpt":{"rendered":"<p>Troy Pettys neuestes Album \u201eDirector\u2019s Cut\u201c\u00a0 ist emotional und dynamisch. Seine Wortwahl sacht und dominierend zugleich. Das Album bewegt sich zwischen Indie und Alternative, zwischen akustischem und experimentellem Pop. Und vor allem ist es pers\u00f6nlich. Denn der US-amerikanische Singer und Songwriter verarbeitet Erfahrungen und Erlebnisse in seinen Songs. Er singt von den beiden Extremen menschlicher Emotionen: Melancholie und Freude. \u201eEs geht um unseren inneren Kampf und Konflikt mit dem eigenen Ego, Sehnsucht, Reue, Verlust und Heilung\u201c, sagt Petty. \u201eDer ,Cut\u2018, also der Einschnitt, erfolgt, wenn der ,director\u2018, also man selbst, seine falschen Handlungen erkennt. Nur so kann man Demut lernen und sein eigenes Potenzial erkennen. Nur so wird man wieder handlungsf\u00e4hig.\u201c<\/p>","protected":false},"featured_media":546,"comment_status":"closed","ping_status":"closed","template":"","meta":[],"product_brand":[],"product_cat":[19,24],"product_tag":[],"class_list":{"0":"post-392","1":"product","2":"type-product","3":"status-publish","4":"has-post-thumbnail","6":"product_cat-cd","7":"product_cat-troypetty","8":"post","9":"post-with-thumbnail","10":"post-with-thumbnail-large","12":"first","13":"instock","14":"taxable","15":"shipping-taxable","16":"purchasable","17":"product-type-simple"},"jetpack_sharing_enabled":true,"_links":{"self":[{"href":"https:\/\/dachshund-records.com\/en\/wp-json\/wp\/v2\/product\/392","targetHints":{"allow":["GET"]}}],"collection":[{"href":"https:\/\/dachshund-records.com\/en\/wp-json\/wp\/v2\/product"}],"about":[{"href":"https:\/\/dachshund-records.com\/en\/wp-json\/wp\/v2\/types\/product"}],"replies":[{"embeddable":true,"href":"https:\/\/dachshund-records.com\/en\/wp-json\/wp\/v2\/comments?post=392"}],"wp:featuredmedia":[{"embeddable":true,"href":"https:\/\/dachshund-records.com\/en\/wp-json\/wp\/v2\/media\/546"}],"wp:attachment":[{"href":"https:\/\/dachshund-records.com\/en\/wp-json\/wp\/v2\/media?parent=392"}],"wp:term":[{"taxonomy":"product_brand","embeddable":true,"href":"https:\/\/dachshund-records.com\/en\/wp-json\/wp\/v2\/product_brand?post=392"},{"taxonomy":"product_cat","embeddable":true,"href":"https:\/\/dachshund-records.com\/en\/wp-json\/wp\/v2\/product_cat?post=392"},{"taxonomy":"product_tag","embeddable":true,"href":"https:\/\/dachshund-records.com\/en\/wp-json\/wp\/v2\/product_tag?post=392"}],"curies":[{"name":"wp","href":"https:\/\/api.w.org\/{rel}","templated":true}]}}